{"id":12,"date":"2026-04-04T18:51:38","date_gmt":"2026-04-04T18:51:38","guid":{"rendered":"https:\/\/bornova16.website\/?page_id=12"},"modified":"2026-04-04T18:51:39","modified_gmt":"2026-04-04T18:51:39","slug":"bornova-escort","status":"publish","type":"page","link":"https:\/\/bornova16.website\/","title":{"rendered":"Bornova Escort \u2618\ufe0f Vip Eskort Bayan &#8211; Elden \u00d6deme"},"content":{"rendered":"\n<p>Bornova Escort se\u00e7enekleri ve alternatifleri i\u00e7in t\u0131kla. Birbirinden g\u00fczel eskort bayanlar siz elit beyleri bekliyor.<\/p>\n","protected":false},"excerpt":{"rendered":"<p>Bornova Escort se\u00e7enekleri ve alternatifleri i\u00e7in t\u0131kla. Birbirinden g\u00fczel eskort bayanlar siz elit beyleri bekliyor.<\/p>\n","protected":false},"author":1,"featured_media":0,"parent":0,"menu_order":0,"comment_status":"closed","ping_status":"closed","template":"","meta":{"footnotes":""},"class_list":["post-12","page","type-page","status-publish"],"yoast_head":"<!-- This site is optimized with the Yoast SEO plugin v27.3 - https:\/\/yoast.com\/product\/yoast-seo-wordpress\/ -->\n<title>Bornova Escort \u2618\ufe0f Vip Eskort Bayan - Elden \u00d6deme - Bornova Escort<\/title>\n<meta name=\"description\" content=\"Bornova Escort se\u00e7enekleri ve alternatifleri i\u00e7in t\u0131kla. Birbirinden g\u00fczel eskort bayanlar siz elit beyleri bekliyor.\" \/>\n<meta name=\"robots\" content=\"index, follow, max-snippet:-1, max-image-preview:large, max-video-preview:-1\" \/>\n<link rel=\"canonical\" href=\"https:\/\/bornova16.website\/\" \/>\n<meta property=\"og:locale\" content=\"tr_TR\" \/>\n<meta property=\"og:type\" content=\"article\" \/>\n<meta property=\"og:title\" content=\"Bornova Escort \u2618\ufe0f Vip Eskort Bayan - Elden \u00d6deme - Bornova Escort\" \/>\n<meta property=\"og:description\" content=\"Bornova Escort se\u00e7enekleri ve alternatifleri i\u00e7in t\u0131kla. Birbirinden g\u00fczel eskort bayanlar siz elit beyleri bekliyor.\" \/>\n<meta property=\"og:url\" content=\"https:\/\/bornova16.website\/\" \/>\n<meta property=\"og:site_name\" content=\"Bornova Escort\" \/>\n<meta property=\"article:modified_time\" content=\"2026-04-04T18:51:39+00:00\" \/>\n<meta name=\"twitter:card\" content=\"summary_large_image\" \/>\n<meta name=\"twitter:label1\" content=\"Tahmini okuma s\u00fcresi\" \/>\n\t<meta name=\"twitter:data1\" content=\"1 dakika\" \/>\n<script type=\"application\/ld+json\" class=\"yoast-schema-graph\">{\"@context\":\"https:\\\/\\\/schema.org\",\"@graph\":[{\"@type\":\"WebPage\",\"@id\":\"https:\\\/\\\/bornova16.website\\\/\",\"url\":\"https:\\\/\\\/bornova16.website\\\/\",\"name\":\"Bornova Escort \u2618\ufe0f Vip Eskort Bayan - Elden \u00d6deme - Bornova Escort\",\"isPartOf\":{\"@id\":\"https:\\\/\\\/bornova16.website\\\/#website\"},\"datePublished\":\"2026-04-04T18:51:38+00:00\",\"dateModified\":\"2026-04-04T18:51:39+00:00\",\"description\":\"Bornova Escort se\u00e7enekleri ve alternatifleri i\u00e7in t\u0131kla. Birbirinden g\u00fczel eskort bayanlar siz elit beyleri bekliyor.\",\"breadcrumb\":{\"@id\":\"https:\\\/\\\/bornova16.website\\\/#breadcrumb\"},\"inLanguage\":\"tr\",\"potentialAction\":[{\"@type\":\"ReadAction\",\"target\":[\"https:\\\/\\\/bornova16.website\\\/\"]}]},{\"@type\":\"BreadcrumbList\",\"@id\":\"https:\\\/\\\/bornova16.website\\\/#breadcrumb\",\"itemListElement\":[{\"@type\":\"ListItem\",\"position\":1,\"name\":\"Anasayfa\",\"item\":\"https:\\\/\\\/bornova16.website\\\/\"},{\"@type\":\"ListItem\",\"position\":2,\"name\":\"Bornova Escort \u2618\ufe0f Vip Eskort Bayan &#8211; Elden \u00d6deme\"}]},{\"@type\":\"WebSite\",\"@id\":\"https:\\\/\\\/bornova16.website\\\/#website\",\"url\":\"https:\\\/\\\/bornova16.website\\\/\",\"name\":\"Bornova Escort\",\"description\":\"\",\"potentialAction\":[{\"@type\":\"SearchAction\",\"target\":{\"@type\":\"EntryPoint\",\"urlTemplate\":\"https:\\\/\\\/bornova16.website\\\/?s={search_term_string}\"},\"query-input\":{\"@type\":\"PropertyValueSpecification\",\"valueRequired\":true,\"valueName\":\"search_term_string\"}}],\"inLanguage\":\"tr\"}]}<\/script>\n<!-- \/ Yoast SEO plugin. -->","yoast_head_json":{"title":"Bornova Escort \u2618\ufe0f Vip Eskort Bayan - Elden \u00d6deme - Bornova Escort","description":"Bornova Escort se\u00e7enekleri ve alternatifleri i\u00e7in t\u0131kla. Birbirinden g\u00fczel eskort bayanlar siz elit beyleri bekliyor.","robots":{"index":"index","follow":"follow","max-snippet":"max-snippet:-1","max-image-preview":"max-image-preview:large","max-video-preview":"max-video-preview:-1"},"canonical":"https:\/\/bornova16.website\/","og_locale":"tr_TR","og_type":"article","og_title":"Bornova Escort \u2618\ufe0f Vip Eskort Bayan - Elden \u00d6deme - Bornova Escort","og_description":"Bornova Escort se\u00e7enekleri ve alternatifleri i\u00e7in t\u0131kla. Birbirinden g\u00fczel eskort bayanlar siz elit beyleri bekliyor.","og_url":"https:\/\/bornova16.website\/","og_site_name":"Bornova Escort","article_modified_time":"2026-04-04T18:51:39+00:00","twitter_card":"summary_large_image","twitter_misc":{"Tahmini okuma s\u00fcresi":"1 dakika"},"schema":{"@context":"https:\/\/schema.org","@graph":[{"@type":"WebPage","@id":"https:\/\/bornova16.website\/","url":"https:\/\/bornova16.website\/","name":"Bornova Escort \u2618\ufe0f Vip Eskort Bayan - Elden \u00d6deme - Bornova Escort","isPartOf":{"@id":"https:\/\/bornova16.website\/#website"},"datePublished":"2026-04-04T18:51:38+00:00","dateModified":"2026-04-04T18:51:39+00:00","description":"Bornova Escort se\u00e7enekleri ve alternatifleri i\u00e7in t\u0131kla. Birbirinden g\u00fczel eskort bayanlar siz elit beyleri bekliyor.","breadcrumb":{"@id":"https:\/\/bornova16.website\/#breadcrumb"},"inLanguage":"tr","potentialAction":[{"@type":"ReadAction","target":["https:\/\/bornova16.website\/"]}]},{"@type":"BreadcrumbList","@id":"https:\/\/bornova16.website\/#breadcrumb","itemListElement":[{"@type":"ListItem","position":1,"name":"Anasayfa","item":"https:\/\/bornova16.website\/"},{"@type":"ListItem","position":2,"name":"Bornova Escort \u2618\ufe0f Vip Eskort Bayan &#8211; Elden \u00d6deme"}]},{"@type":"WebSite","@id":"https:\/\/bornova16.website\/#website","url":"https:\/\/bornova16.website\/","name":"Bornova Escort","description":"","potentialAction":[{"@type":"SearchAction","target":{"@type":"EntryPoint","urlTemplate":"https:\/\/bornova16.website\/?s={search_term_string}"},"query-input":{"@type":"PropertyValueSpecification","valueRequired":true,"valueName":"search_term_string"}}],"inLanguage":"tr"}]}},"_links":{"self":[{"href":"https:\/\/bornova16.website\/index.php\/wp-json\/wp\/v2\/pages\/12","targetHints":{"allow":["GET"]}}],"collection":[{"href":"https:\/\/bornova16.website\/index.php\/wp-json\/wp\/v2\/pages"}],"about":[{"href":"https:\/\/bornova16.website\/index.php\/wp-json\/wp\/v2\/types\/page"}],"author":[{"embeddable":true,"href":"https:\/\/bornova16.website\/index.php\/wp-json\/wp\/v2\/users\/1"}],"replies":[{"embeddable":true,"href":"https:\/\/bornova16.website\/index.php\/wp-json\/wp\/v2\/comments?post=12"}],"version-history":[{"count":1,"href":"https:\/\/bornova16.website\/index.php\/wp-json\/wp\/v2\/pages\/12\/revisions"}],"predecessor-version":[{"id":13,"href":"https:\/\/bornova16.website\/index.php\/wp-json\/wp\/v2\/pages\/12\/revisions\/13"}],"wp:attachment":[{"href":"https:\/\/bornova16.website\/index.php\/wp-json\/wp\/v2\/media?parent=12"}],"curies":[{"name":"wp","href":"https:\/\/api.w.org\/{rel}","templated":true}]}}